{"id":4721,"date":"2021-12-14T23:38:44","date_gmt":"2021-12-14T22:38:44","guid":{"rendered":"https:\/\/mspremiumcars.fr\/economy\/?page_id=4721"},"modified":"2022-04-16T12:54:29","modified_gmt":"2022-04-16T10:54:29","slug":"nos-engagements","status":"publish","type":"page","link":"https:\/\/mspremiumcars.fr\/economy\/nos-engagements\/","title":{"rendered":"Nos engagements"},"content":{"rendered":"<p>[vc_row css_animation=&#8221;fadeInUp&#8221; css=&#8221;.vc_custom_1639524371765{margin-bottom: 30px !important;}&#8221;][vc_column css_animation=&#8221;fadeIn&#8221; width=&#8221;1\/2&#8243;][vc_empty_space height=&#8221;20px&#8221;][vc_single_image image=&#8221;4723&#8243; img_size=&#8221;full&#8221;][\/vc_column][vc_column css_animation=&#8221;none&#8221; width=&#8221;1\/2&#8243;][vc_empty_space height=&#8221;50px&#8221;][vc_column_text]<\/p>\n<h3 style=\"margin-bottom: 18px;\"><span style=\"color: #255f75;\">MS PROFESSIONALS <\/span> : LA SOLUTION CL\u00c9 POUR FAIRE FACE \u00c0 LA CRISE DE L\u2019OCCASION.<\/h3>\n<p>[\/vc_column_text][vc_separator][vc_column_text]<\/p>\n<p style=\"margin-bottom: 26px;\">MS PREMIUM CARS vous propose d\u00e9sormais son service d&#8217;importation, MS PROFESSIONALS, exclusivement r\u00e9serv\u00e9 aux professionnels du secteur de l&#8217;automobile, revendeurs garage et marchands de v\u00e9hicules d&#8217;occasion. Parce que le march\u00e9 Fran\u00e7ais de la revente est tr\u00e8s concurrentiel en ce moment, partez sur de l&#8217;importation pour constituter votre stock de v\u00e9hicules et restez comp\u00e9titif malgr\u00e9 la p\u00e9nurie.<\/p>\n<p style=\"margin-bottom: 26px;\">Des voitures d&#8217;occasion \u00e0 marges exceptionnelles, de la petite citadine \u00e0 la sportive de luxe, des contacts particuliers et professionnels dans toute l&#8217;Europe, des v\u00e9hicules administrativement et m\u00e9caniquement sains coupl\u00e9s \u00e0 tout un panel de services propos\u00e9s, vous permettront de vous repositionner sur le march\u00e9 en proposant des v\u00e9hicules \u00e0 de tr\u00e8s bons prix tout en faisant progresser votre b\u00e9n\u00e9fice moyen.<\/p>\n<p>Ne d\u00e9pendez plus des invendus des concessionnaires ou des reprises clients et passez \u00e0 la vitesse sup\u00e9rieure en faisant appel \u00e0 nos services pour pouvoir rester ma\u00eetre de votre business.<\/p>\n<p><span style=\"color: #888888;\"><em>&#8211; L\u2019\u00e9quipe MS Premium Cars Professionals<\/em><\/span>[\/vc_column_text][\/vc_column][\/vc_row][vc_row css_animation=&#8221;none&#8221;][vc_column][vc_empty_space height=&#8221;25px&#8221;][\/vc_column][vc_column css_animation=&#8221;none&#8221; width=&#8221;1\/2&#8243;][stm_color_separator][vc_custom_heading text=&#8221;NOS ENGAGEMENTS&#8221; font_container=&#8221;tag:h3|text_align:left&#8221; use_theme_fonts=&#8221;yes&#8221;][vc_separator][vc_column_text]<span style=\"color: #888888; font-size: 13px;\">MS Premium Cars s&#8217;engage \u00e0 respecter une charte pr\u00e9d\u00e9finie pour la vente de chaque v\u00e9hicule, nous v\u00e9rifierons avec vous le jour de la livraison que celle-ci est bien respect\u00e9e \u00e0 la lettre.<\/span>[\/vc_column_text][vc_column_text]<\/p>\n<ul class=\"list-style-1\">\n<li>V\u00e9hicules contr\u00f4l\u00e9s avant mise en ligne.<\/li>\n<li>Suivi complet carnet d&#8217;entretien et kilom\u00e9trage.<\/li>\n<li>Prix les moins chers du march\u00e9 Europ\u00e9en.<\/li>\n<li>Possibilit\u00e9 de livrer le v\u00e9hicule jusqu&#8217;\u00e0 votre garage.<\/li>\n<li>Pr\u00e9sence de la totalit\u00e9 des documents administratifs.<\/li>\n<li>D\u00e9marches d&#8217;immatriculation simplifi\u00e9es.<\/li>\n<li>Facture TVA sur marge \u00e9dit\u00e9e par le vendeur \u00e9tranger.<\/li>\n<li>Photographies r\u00e9elles correspondantes au v\u00e9hicule mis en annonce.<\/li>\n<\/ul>\n<p>[\/vc_column_text][\/vc_column][vc_column width=&#8221;1\/2&#8243;][vc_single_image image=&#8221;4744&#8243; img_size=&#8221;full&#8221; css_animation=&#8221;fadeInRight&#8221;][\/vc_column][\/vc_row][vc_row css_animation=&#8221;none&#8221;][vc_column width=&#8221;1\/2&#8243;][stm_color_separator][vc_custom_heading text=&#8221;NOS AVANTAGES&#8221; font_container=&#8221;tag:h3|text_align:left&#8221; use_theme_fonts=&#8221;yes&#8221;][vc_tta_accordion][vc_tta_section i_icon_fontawesome=&#8221;fas fa-hand-holding-usd&#8221; add_icon=&#8221;true&#8221; title=&#8221;Des marges de ventes exceptionnelles&#8221; tab_id=&#8221;1639521493620-f4e50afa-8123&#8243;][vc_column_text]Des marges moyennes nette de 2500\u20ac par v\u00e9hicule sont r\u00e9alisables sur les voitures que nous vous proposons sur ce site. Ces marges sont v\u00e9rifi\u00e9es, coh\u00e9rentes et en ad\u00e9quation avec le march\u00e9 de l&#8217;occasion. (Leboncoin, La Centrale..).[\/vc_column_text][\/vc_tta_section][vc_tta_section i_icon_fontawesome=&#8221;stm-service-icon-like_it&#8221; add_icon=&#8221;true&#8221; title=&#8221;Tarifs cl\u00e9s en main, sans surprises&#8221; tab_id=&#8221;1639521493633-d7e8b6b0-588a&#8221;][vc_column_text]Les prix affich\u00e9s sont cl\u00e9s en main, la commission MS PREMIUM CARS est toujours incluse dans le tarif du v\u00e9hicule. Vous pouvez opter \u00e9galement pour la livraison dans toute la France par nos services sur devis.[\/vc_column_text][\/vc_tta_section][vc_tta_section i_icon_fontawesome=&#8221;stm-icon-car_search&#8221; add_icon=&#8221;true&#8221; title=&#8221;V\u00e9hicules v\u00e9rifi\u00e9s, kilom\u00e9trage certifi\u00e9&#8221; tab_id=&#8221;1639523355250-1d665273-5e36&#8243;][vc_column_text]Les v\u00e9hicules sont syst\u00e9matiquement contr\u00f4l\u00e9s avant d&#8217;\u00eatre mis en ligne, les d\u00e9g\u00e2ts de carrosserie seront toujours affich\u00e9s sur l&#8217;annonce. Les v\u00e9hicules sont m\u00e9caniquement sains ce qui vous permet d&#8217;\u00e9conomiser votre \u00e9nergie pour vous concentrer sur la revente de celui-ci. Le kilom\u00e9trage des voitures est toujours certifi\u00e9 par le vendeur et v\u00e9rifi\u00e9 par nos services.<\/p>\n<p>Les photos des annonces correspondent toujours \u00e0 100% au v\u00e9hicule mis en vente.[\/vc_column_text][\/vc_tta_section][vc_tta_section i_icon_fontawesome=&#8221;stm-icon-add_car&#8221; add_icon=&#8221;true&#8221; title=&#8221;R\u00e9servez et achetez vos v\u00e9hicules \u00e0 distance&#8221; tab_id=&#8221;1639523753502-f7f22475-654a&#8221;][vc_column_text]Un v\u00e9hicule de notre site vous pla\u00eet ? Contactez-nous par t\u00e9l\u00e9phone au <a href=\"tel:+33.7.49.88.36.86\">+33.7.49.88.36.86<\/a> ou remplissez le formulaire pr\u00e9sent sur l&#8217;annonce afin d&#8217;\u00eatre pris en charge par un de nos commerciaux. Optez pour l&#8217;achat \u00e0 distance afin de ne pas passer \u00e0 cot\u00e9 d&#8217;une affaire et choisissez le mode de livraison du v\u00e9hicule.<\/p>\n<p>Vous pouvez le r\u00e9cup\u00e9rer aupr\u00e8s de notre centrale d&#8217;achat en Allemagne, Pologne, Pays Bas ou choisir de vous faire livrer directement par notre service de transporteur.[\/vc_column_text][\/vc_tta_section][\/vc_tta_accordion][\/vc_column][\/vc_row][vc_row css_animation=&#8221;fadeInUp&#8221;][vc_column][vc_empty_space height=&#8221;50px&#8221;][vc_single_image image=&#8221;4738&#8243; img_size=&#8221;full&#8221; alignment=&#8221;center&#8221; onclick=&#8221;custom_link&#8221; css_animation=&#8221;fadeInUp&#8221; link=&#8221;https:\/\/mspremiumcars.fr\/economy\/vehicules-disponibles\/&#8221;][vc_empty_space][\/vc_column][\/vc_row]<\/p>\n","protected":false},"excerpt":{"rendered":"<p>[vc_row css_animation=&#8221;fadeInUp&#8221; css=&#8221;.vc_custom_1639524371765{margin-bottom: 30px !important;}&#8221;][vc_column css_animation=&#8221;fadeIn&#8221; width=&#8221;1\/2&#8243;][vc_empty_space height=&#8221;20px&#8221;][vc_single_image image=&#8221;4723&#8243; img_size=&#8221;full&#8221;][\/vc_column][vc_column css_animation=&#8221;none&#8221; width=&#8221;1\/2&#8243;][vc_empty_space height=&#8221;50px&#8221;][vc_column_text] MS PROFESSIONALS : LA SOLUTION CL\u00c9 POUR FAIRE FACE \u00c0 LA CRISE DE L\u2019OCCASION. [\/vc_column_text][vc_separator][vc_column_text] MS PREMIUM CARS vous propose d\u00e9sormais son service d&#8217;importation, MS PROFESSIONALS, exclusivement r\u00e9serv\u00e9 aux professionnels du secteur de l&#8217;automobile, revendeurs garage et marchands de v\u00e9hicules d&#8217;occasion. Parce&#8230;<\/p>\n","protected":false},"author":1,"featured_media":0,"parent":0,"menu_order":0,"comment_status":"closed","ping_status":"closed","template":"","meta":{"footnotes":""},"class_list":["post-4721","page","type-page","status-publish","hentry"],"yoast_head":"<!-- This site is optimized with the Yoast SEO plugin v16.1.1 - https:\/\/yoast.com\/wordpress\/plugins\/seo\/ -->\n<title>MS CARS PRO - Voitures import\u00e9es pour marchands et revendeurs<\/title>\n<meta name=\"description\" content=\"Importation de v\u00e9hicules d&#039;occasion pas cher de Pologne et Allemagne \u00e0 marge exceptionnelle pour Revendeur, Marchand et Pro de l&#039;Automobile.\" \/>\n<meta property=\"og:locale\" content=\"fr_FR\" \/>\n<meta property=\"og:type\" content=\"article\" \/>\n<meta property=\"og:title\" content=\"MS CARS PRO - Voitures import\u00e9es pour marchands et revendeurs\" \/>\n<meta property=\"og:description\" content=\"Importation de v\u00e9hicules d&#039;occasion pas cher de Pologne et Allemagne \u00e0 marge exceptionnelle pour Revendeur, Marchand et Pro de l&#039;Automobile.\" \/>\n<meta property=\"og:url\" content=\"https:\/\/mspremiumcars.fr\/economy\/nos-engagements\/\" \/>\n<meta property=\"og:site_name\" content=\"MS CARS PRO\" \/>\n<meta property=\"article:modified_time\" content=\"2022-04-16T10:54:29+00:00\" \/>\n<meta name=\"twitter:card\" content=\"summary_large_image\" \/>\n<meta name=\"twitter:label1\" content=\"Dur\u00e9e de lecture est.\">\n\t<meta name=\"twitter:data1\" content=\"3 minutes\">\n<script type=\"application\/ld+json\" class=\"yoast-schema-graph\">{\"@context\":\"https:\/\/schema.org\",\"@graph\":[{\"@type\":\"Organization\",\"@id\":\"https:\/\/mspremiumcars.fr\/economy\/#organization\",\"name\":\"Espace Pro MS PREMIUM CARS\",\"url\":\"https:\/\/mspremiumcars.fr\/economy\/\",\"sameAs\":[\"https:\/\/instagram.com\/ms.premium.cars\"],\"logo\":{\"@type\":\"ImageObject\",\"@id\":\"https:\/\/mspremiumcars.fr\/economy\/#logo\",\"inLanguage\":\"fr-FR\",\"url\":\"https:\/\/mspremiumcars.fr\/economy\/wp-content\/uploads\/2021\/03\/logo.png\",\"contentUrl\":\"https:\/\/mspremiumcars.fr\/economy\/wp-content\/uploads\/2021\/03\/logo.png\",\"width\":5000,\"height\":2500,\"caption\":\"Espace Pro MS PREMIUM CARS\"},\"image\":{\"@id\":\"https:\/\/mspremiumcars.fr\/economy\/#logo\"}},{\"@type\":\"WebSite\",\"@id\":\"https:\/\/mspremiumcars.fr\/economy\/#website\",\"url\":\"https:\/\/mspremiumcars.fr\/economy\/\",\"name\":\"MS CARS PRO\",\"description\":\"Voitures import\\u00e9es pour marchand, n\\u00e9gociant et revendeur automobile\",\"publisher\":{\"@id\":\"https:\/\/mspremiumcars.fr\/economy\/#organization\"},\"potentialAction\":[{\"@type\":\"SearchAction\",\"target\":\"https:\/\/mspremiumcars.fr\/economy\/?s={search_term_string}\",\"query-input\":\"required name=search_term_string\"}],\"inLanguage\":\"fr-FR\"},{\"@type\":\"WebPage\",\"@id\":\"https:\/\/mspremiumcars.fr\/economy\/nos-engagements\/#webpage\",\"url\":\"https:\/\/mspremiumcars.fr\/economy\/nos-engagements\/\",\"name\":\"MS CARS PRO - Voitures import\\u00e9es pour marchands et revendeurs\",\"isPartOf\":{\"@id\":\"https:\/\/mspremiumcars.fr\/economy\/#website\"},\"datePublished\":\"2021-12-14T22:38:44+00:00\",\"dateModified\":\"2022-04-16T10:54:29+00:00\",\"description\":\"Importation de v\\u00e9hicules d'occasion pas cher de Pologne et Allemagne \\u00e0 marge exceptionnelle pour Revendeur, Marchand et Pro de l'Automobile.\",\"breadcrumb\":{\"@id\":\"https:\/\/mspremiumcars.fr\/economy\/nos-engagements\/#breadcrumb\"},\"inLanguage\":\"fr-FR\",\"potentialAction\":[{\"@type\":\"ReadAction\",\"target\":[\"https:\/\/mspremiumcars.fr\/economy\/nos-engagements\/\"]}]},{\"@type\":\"BreadcrumbList\",\"@id\":\"https:\/\/mspremiumcars.fr\/economy\/nos-engagements\/#breadcrumb\",\"itemListElement\":[{\"@type\":\"ListItem\",\"position\":1,\"item\":{\"@type\":\"WebPage\",\"@id\":\"https:\/\/mspremiumcars.fr\/economy\/\",\"url\":\"https:\/\/mspremiumcars.fr\/economy\/\",\"name\":\"Accueil\"}},{\"@type\":\"ListItem\",\"position\":2,\"item\":{\"@type\":\"WebPage\",\"@id\":\"https:\/\/mspremiumcars.fr\/economy\/nos-engagements\/\",\"url\":\"https:\/\/mspremiumcars.fr\/economy\/nos-engagements\/\",\"name\":\"Nos engagements\"}}]}]}<\/script>\n<!-- \/ Yoast SEO plugin. -->","_links":{"self":[{"href":"https:\/\/mspremiumcars.fr\/economy\/wp-json\/wp\/v2\/pages\/4721","targetHints":{"allow":["GET"]}}],"collection":[{"href":"https:\/\/mspremiumcars.fr\/economy\/wp-json\/wp\/v2\/pages"}],"about":[{"href":"https:\/\/mspremiumcars.fr\/economy\/wp-json\/wp\/v2\/types\/page"}],"author":[{"embeddable":true,"href":"https:\/\/mspremiumcars.fr\/economy\/wp-json\/wp\/v2\/users\/1"}],"replies":[{"embeddable":true,"href":"https:\/\/mspremiumcars.fr\/economy\/wp-json\/wp\/v2\/comments?post=4721"}],"version-history":[{"count":38,"href":"https:\/\/mspremiumcars.fr\/economy\/wp-json\/wp\/v2\/pages\/4721\/revisions"}],"predecessor-version":[{"id":5014,"href":"https:\/\/mspremiumcars.fr\/economy\/wp-json\/wp\/v2\/pages\/4721\/revisions\/5014"}],"wp:attachment":[{"href":"https:\/\/mspremiumcars.fr\/economy\/wp-json\/wp\/v2\/media?parent=4721"}],"curies":[{"name":"wp","href":"https:\/\/api.w.org\/{rel}","templated":true}]}}